{"id":194,"date":"2011-09-28T17:16:00","date_gmt":"2011-09-28T16:16:00","guid":{"rendered":"http:\/\/www.amicidellaterra-nebrodi.org\/blog\/?page_id=194"},"modified":"2012-09-17T15:23:21","modified_gmt":"2012-09-17T14:23:21","slug":"2011-progetto-re-la-r","status":"publish","type":"page","link":"https:\/\/www.amicidellaterra-nebrodi.org\/blog\/?page_id=194","title":{"rendered":"2011 &#8211; Progetto Re.La.R."},"content":{"rendered":"<p><a href=\"https:\/\/www.amicidellaterra-nebrodi.org\/blog\/wp-content\/uploads\/2011\/09\/RELAR.jpg\"><\/a><\/p>\n<p style=\"text-align: center;\"><a href=\"https:\/\/www.amicidellaterra-nebrodi.org\/blog\/wp-content\/uploads\/2011\/09\/RELAR.jpg\"><img decoding=\"async\" class=\"aligncenter size-large wp-image-195\" title=\"RELAR\" src=\"https:\/\/www.amicidellaterra-nebrodi.org\/blog\/wp-content\/uploads\/2011\/09\/RELAR-1024x425.jpg\" alt=\"RELAR\" width=\"500\" srcset=\"https:\/\/www.amicidellaterra-nebrodi.org\/blog\/wp-content\/uploads\/2011\/09\/RELAR-1024x425.jpg 1024w, https:\/\/www.amicidellaterra-nebrodi.org\/blog\/wp-content\/uploads\/2011\/09\/RELAR-300x124.jpg 300w, https:\/\/www.amicidellaterra-nebrodi.org\/blog\/wp-content\/uploads\/2011\/09\/RELAR.jpg 1607w\" sizes=\"(max-width: 1024px) 100vw, 1024px\" \/><\/a><\/p>\n<p>Il <strong>Ministero del lavoro e delle politiche sociali,<\/strong> Direzione Generale dell&#8217;immigrazione, ha avviato questo intervento per prevenire il lavoro sommerso (programma operativo nazionale &#8220;Governance e azioni di sistema&#8221; 2007-2013 Obiettivo 1 Convergenza).<br \/>\nAttuato da <strong>ITALIA LAVORO<\/strong> in 4 Regioni , l&#8217;intervento ha promosso la creazione di una rete di servizi pubblico\/privati per favorire l&#8217;incontro tra domanda ed offerta di lavoro, e nella prospettiva di una trasferabilit\u00e0 del modello su tutto il territorio nazionale.<br \/>\nL&#8217;intervento ha previsto l&#8217;attivazione della rete degli attori per realizzare 3000 percorsi di tirocinio formativo della durata massima di due mesi nei settori <strong>EDILIZIA<\/strong>, <strong>AGRICOLTURA<\/strong> e <strong>TURISMO<\/strong>.<\/p>\n<p>I tirocinanti hanno ricevuto una borsa mensile lorda di 550,00 euro. Si \u00e8 trattato di:<br \/>\n&#8211; inoccupati\/disoccupati cittadini italiani e comunitari, disoccupati o inoccupati che non abbiano raggiunto l&#8217;et\u00e0 pensionabile;<br \/>\n&#8211; cittadini extracomunitari (proveniente da Paesi non appartenenti alla Comunit\u00e0 Europea) titolari di un permesso di soggiorno.<\/p>\n<p><img decoding=\"async\" class=\"size-full wp-image-199 alignleft\" title=\"brochure RELAR_Pagina_2\" src=\"https:\/\/www.amicidellaterra-nebrodi.org\/blog\/wp-content\/uploads\/2011\/09\/brochure-RELAR_Pagina_2.jpg\" alt=\"brochure RELAR_Pagina_2\" width=\"200\" srcset=\"https:\/\/www.amicidellaterra-nebrodi.org\/blog\/wp-content\/uploads\/2011\/09\/brochure-RELAR_Pagina_2.jpg 795w, https:\/\/www.amicidellaterra-nebrodi.org\/blog\/wp-content\/uploads\/2011\/09\/brochure-RELAR_Pagina_2-300x272.jpg 300w\" sizes=\"(max-width: 795px) 100vw, 795px\" \/><\/p>\n<p>Per ulteriori informazioni e\u00a0maggiori dettagli rimandiamo\u00a0all&#8217;apposito articolo:<br \/>\n<a href=\"https:\/\/www.amicidellaterra-nebrodi.org\/blog\/?p=141\">www.amicidellaterra-nebrodi.org\/blog\/?p=141<\/a><\/p>\n<p><strong>AMICI DELLA TERRA CLUB NEBRODI ONLUS<\/strong> \u00e9 un soggetto promotore per il progetto in Sicilia ed ha attivato tirocini nei Nebrodi nelle Eolie, nelle Madonie e nel Belice.<\/p>\n<p>Il Progetto si concluder\u00e0 a febbraio e <strong><em>dal 30 novembre non \u00e8 pi\u00f9 possibile attivare nuovi tirocini<\/em><\/strong>.<\/p>\n<p style=\"text-align: center;\"><strong>Alcuni dati del progetto relativamente alla nostra associazione:<\/strong><\/p>\n<p style=\"text-align: left;\">\n<p style=\"text-align: left;\"><strong>CONVENZIONI CON AZIENDE\u00a0DEL TERRITORIO PER SETTORE ECONOMICO:<\/strong><\/p>\n<p><img decoding=\"async\" class=\"alignleft size-full wp-image-329\" title=\"RELAR-convenzioni\" src=\"https:\/\/www.amicidellaterra-nebrodi.org\/blog\/wp-content\/uploads\/2011\/09\/RELAR-convenzioni.jpg\" alt=\"RELAR-convenzioni\" width=\"450\" srcset=\"https:\/\/www.amicidellaterra-nebrodi.org\/blog\/wp-content\/uploads\/2011\/09\/RELAR-convenzioni.jpg 502w, https:\/\/www.amicidellaterra-nebrodi.org\/blog\/wp-content\/uploads\/2011\/09\/RELAR-convenzioni-300x266.jpg 300w\" sizes=\"(max-width: 502px) 100vw, 502px\" \/><\/p>\n<p style=\"text-align: left;\"><strong>TIROCINI PER SETTORE ECONOMICO:<\/strong><\/p>\n<p style=\"text-align: center;\"><strong><img decoding=\"async\" class=\"alignleft size-full wp-image-330\" title=\"RELAR-tirocini\" src=\"https:\/\/www.amicidellaterra-nebrodi.org\/blog\/wp-content\/uploads\/2011\/09\/RELAR-tirocini.jpg\" alt=\"RELAR-tirocini\" width=\"450\" srcset=\"https:\/\/www.amicidellaterra-nebrodi.org\/blog\/wp-content\/uploads\/2011\/09\/RELAR-tirocini.jpg 447w, https:\/\/www.amicidellaterra-nebrodi.org\/blog\/wp-content\/uploads\/2011\/09\/RELAR-tirocini-300x261.jpg 300w\" sizes=\"(max-width: 447px) 100vw, 447px\" \/><\/strong><\/p>\n<p><strong>ALCUNI DATI SUI TIROCINI:<\/strong><\/p>\n<p><strong><img decoding=\"async\" class=\"alignleft size-full wp-image-333\" title=\"RELAR-tirocini1\" src=\"https:\/\/www.amicidellaterra-nebrodi.org\/blog\/wp-content\/uploads\/2011\/09\/RELAR-tirocini1.jpg\" alt=\"RELAR-tirocini1\" width=\"600\" srcset=\"https:\/\/www.amicidellaterra-nebrodi.org\/blog\/wp-content\/uploads\/2011\/09\/RELAR-tirocini1.jpg 1007w, https:\/\/www.amicidellaterra-nebrodi.org\/blog\/wp-content\/uploads\/2011\/09\/RELAR-tirocini1-300x150.jpg 300w\" sizes=\"(max-width: 1007px) 100vw, 1007px\" \/><br \/>\n<\/strong><\/p>\n<p style=\"text-align: left;\">\n<p><strong><br \/>\n<\/strong><\/p>\n<p><strong><img decoding=\"async\" class=\"alignleft size-large wp-image-334\" title=\"RELAR-tirocini2\" src=\"https:\/\/www.amicidellaterra-nebrodi.org\/blog\/wp-content\/uploads\/2011\/09\/RELAR-tirocini2-1024x529.jpg\" alt=\"RELAR-tirocini2\" width=\"600\" srcset=\"https:\/\/www.amicidellaterra-nebrodi.org\/blog\/wp-content\/uploads\/2011\/09\/RELAR-tirocini2-1024x529.jpg 1024w, https:\/\/www.amicidellaterra-nebrodi.org\/blog\/wp-content\/uploads\/2011\/09\/RELAR-tirocini2-300x155.jpg 300w, https:\/\/www.amicidellaterra-nebrodi.org\/blog\/wp-content\/uploads\/2011\/09\/RELAR-tirocini2.jpg 1040w\" sizes=\"(max-width: 1024px) 100vw, 1024px\" \/><img loading=\"lazy\" decoding=\"async\" style=\"border-style: initial; border-color: initial;\" title=\"RELAR-Suddivisione_territoriale\" src=\"https:\/\/www.amicidellaterra-nebrodi.org\/blog\/wp-content\/uploads\/2011\/09\/RELAR-Suddivisione_territoriale-300x219.jpg\" alt=\"RELAR-Suddivisione_territoriale\" width=\"300\" height=\"219\" \/><br \/>\n<\/strong><\/p>\n<p><strong>DISTRIBUZIONE DEI TIROCINI SUL TERRITORIO\u00a0DEI NEBRODI<\/strong><\/p>\n<p><strong><img decoding=\"async\" class=\"alignleft size-large wp-image-332\" title=\"RELAR-Nebrodi\" src=\"https:\/\/www.amicidellaterra-nebrodi.org\/blog\/wp-content\/uploads\/2011\/09\/RELAR-Nebrodi-1024x597.jpg\" alt=\"RELAR-Nebrodi\" width=\"800\" srcset=\"https:\/\/www.amicidellaterra-nebrodi.org\/blog\/wp-content\/uploads\/2011\/09\/RELAR-Nebrodi-1024x597.jpg 1024w, https:\/\/www.amicidellaterra-nebrodi.org\/blog\/wp-content\/uploads\/2011\/09\/RELAR-Nebrodi-300x175.jpg 300w, https:\/\/www.amicidellaterra-nebrodi.org\/blog\/wp-content\/uploads\/2011\/09\/RELAR-Nebrodi.jpg 1040w\" sizes=\"(max-width: 1024px) 100vw, 1024px\" \/><br \/>\n<\/strong><\/p>\n<p><strong>ALCUNI TIROCINANTI NELLE AZIE<img decoding=\"async\" class=\"alignleft size-large wp-image-344\" title=\"01-Agricoltura\" src=\"https:\/\/www.amicidellaterra-nebrodi.org\/blog\/wp-content\/uploads\/2011\/09\/01-Agricoltura-517x1024.jpg\" alt=\"01-Agricoltura\" width=\"800\" srcset=\"https:\/\/www.amicidellaterra-nebrodi.org\/blog\/wp-content\/uploads\/2011\/09\/01-Agricoltura-517x1024.jpg 517w, https:\/\/www.amicidellaterra-nebrodi.org\/blog\/wp-content\/uploads\/2011\/09\/01-Agricoltura-151x300.jpg 151w, https:\/\/www.amicidellaterra-nebrodi.org\/blog\/wp-content\/uploads\/2011\/09\/01-Agricoltura.jpg 1581w\" sizes=\"(max-width: 517px) 100vw, 517px\" \/><img decoding=\"async\" class=\"alignleft size-large wp-image-345\" title=\"02-Edilizia\" src=\"https:\/\/www.amicidellaterra-nebrodi.org\/blog\/wp-content\/uploads\/2011\/09\/02-Edilizia-1024x762.jpg\" alt=\"02-Edilizia\" width=\"800\" srcset=\"https:\/\/www.amicidellaterra-nebrodi.org\/blog\/wp-content\/uploads\/2011\/09\/02-Edilizia-1024x762.jpg 1024w, https:\/\/www.amicidellaterra-nebrodi.org\/blog\/wp-content\/uploads\/2011\/09\/02-Edilizia-300x223.jpg 300w, https:\/\/www.amicidellaterra-nebrodi.org\/blog\/wp-content\/uploads\/2011\/09\/02-Edilizia.jpg 1591w\" sizes=\"(max-width: 1024px) 100vw, 1024px\" \/><img decoding=\"async\" class=\"alignleft size-full wp-image-346\" title=\"03-Turismo\" src=\"https:\/\/www.amicidellaterra-nebrodi.org\/blog\/wp-content\/uploads\/2011\/09\/03-Turismo.jpg\" alt=\"03-Turismo\" width=\"800\" \/>NDE<\/strong><\/p>\n<p><strong>Pubblicati i risultati raggiunti dal progetto ReLaR sul sito di Italia Lavoro.<br \/>\nEcco il link: <\/strong><a href=\"http:\/\/www.italialavoro.it\/wps\/portal\/!ut\/p\/c5\/fZBLk4IwEIR_kSYhvDwGwnOJwhoVuFiKLos8ohtLgV-_WHt2pw89VfMdugfkYFJ3eFTl4V6J7tCAFOT6PjFU27QQgZCFOgzUrWatVIK2RAc7kFEQgrxsxHHCd7SoeypISR36KUcLNv5RCVeBVznhWhCH-c2s7YwhtmpYJDgrBW07Xmk_6RgnjdHAwOvQrjqr0cWD8sNWsrRDp3wwFS8fexTLypW3k7mhdtx86uWXwQR2pxD5KyZ8MwT-3d_UcB0dLH3RnkEGcuNtWaYBDjLnP8j3HTxBKVT368sgJF8rN0SKwb4G42afXKLsuay_2T0iPRut4F7LnlMb8TEM-aZ8Mk7QMrIHXkMM5cBObuIXGNf49eDq2M6fRTuHc9OAGjS1BTKxNq0aSF1wbR_tIph5j8l_AanesnM!\/dl3\/d3\/L2dBISEvZ0FBIS9nQSEh\/\" target=\"_blank\"><span>AREE DI INTERVENTO &#8211; IMMIGRAZIONE &#8211; <\/span><span>Progetto RE.LA.R.<\/span><\/a><\/p>\n<p><strong> <\/strong><\/p>\n<p style=\"text-align: center;\">\n","protected":false},"excerpt":{"rendered":"<p>Il Ministero del lavoro e delle politiche sociali, Direzione Generale dell&#8217;immigrazione, ha avviato questo intervento per prevenire il lavoro sommerso (programma operativo nazionale &#8220;Governance e azioni di sistema&#8221; 2007-2013 Obiettivo 1 Convergenza). Attuato da ITALIA LAVORO in 4 Regioni ,<\/p>\n","protected":false},"author":2,"featured_media":0,"parent":105,"menu_order":2,"comment_status":"closed","ping_status":"closed","template":"","meta":{"footnotes":""},"class_list":["post-194","page","type-page","status-publish","hentry"],"_links":{"self":[{"href":"https:\/\/www.amicidellaterra-nebrodi.org\/blog\/index.php?rest_route=\/wp\/v2\/pages\/194","targetHints":{"allow":["GET"]}}],"collection":[{"href":"https:\/\/www.amicidellaterra-nebrodi.org\/blog\/index.php?rest_route=\/wp\/v2\/pages"}],"about":[{"href":"https:\/\/www.amicidellaterra-nebrodi.org\/blog\/index.php?rest_route=\/wp\/v2\/types\/page"}],"author":[{"embeddable":true,"href":"https:\/\/www.amicidellaterra-nebrodi.org\/blog\/index.php?rest_route=\/wp\/v2\/users\/2"}],"replies":[{"embeddable":true,"href":"https:\/\/www.amicidellaterra-nebrodi.org\/blog\/index.php?rest_route=%2Fwp%2Fv2%2Fcomments&post=194"}],"version-history":[{"count":53,"href":"https:\/\/www.amicidellaterra-nebrodi.org\/blog\/index.php?rest_route=\/wp\/v2\/pages\/194\/revisions"}],"predecessor-version":[{"id":539,"href":"https:\/\/www.amicidellaterra-nebrodi.org\/blog\/index.php?rest_route=\/wp\/v2\/pages\/194\/revisions\/539"}],"up":[{"embeddable":true,"href":"https:\/\/www.amicidellaterra-nebrodi.org\/blog\/index.php?rest_route=\/wp\/v2\/pages\/105"}],"wp:attachment":[{"href":"https:\/\/www.amicidellaterra-nebrodi.org\/blog\/index.php?rest_route=%2Fwp%2Fv2%2Fmedia&parent=194"}],"curies":[{"name":"wp","href":"https:\/\/api.w.org\/{rel}","templated":true}]}}