{"id":1307,"date":"2022-01-22T06:09:27","date_gmt":"2022-01-22T05:09:27","guid":{"rendered":"http:\/\/www.amicidellaterra-nebrodi.org\/blog\/?page_id=1307"},"modified":"2022-01-22T11:29:23","modified_gmt":"2022-01-22T10:29:23","slug":"sicilia-tropicale","status":"publish","type":"page","link":"https:\/\/www.amicidellaterra-nebrodi.org\/blog\/?page_id=1307","title":{"rendered":"SICILIA TROPICALE"},"content":{"rendered":"\n<figure class=\"wp-block-image size-large\"><a href=\"https:\/\/www.amicidellaterra-nebrodi.org\/blog\/wp-content\/uploads\/2022\/01\/avocado.jpeg\"><img loading=\"lazy\" decoding=\"async\" width=\"681\" height=\"1024\" src=\"https:\/\/www.amicidellaterra-nebrodi.org\/blog\/wp-content\/uploads\/2022\/01\/avocado-681x1024.jpeg\" alt=\"\" class=\"wp-image-1302\" srcset=\"https:\/\/www.amicidellaterra-nebrodi.org\/blog\/wp-content\/uploads\/2022\/01\/avocado-681x1024.jpeg 681w, https:\/\/www.amicidellaterra-nebrodi.org\/blog\/wp-content\/uploads\/2022\/01\/avocado-200x300.jpeg 200w, https:\/\/www.amicidellaterra-nebrodi.org\/blog\/wp-content\/uploads\/2022\/01\/avocado-768x1155.jpeg 768w, https:\/\/www.amicidellaterra-nebrodi.org\/blog\/wp-content\/uploads\/2022\/01\/avocado-1022x1536.jpeg 1022w, https:\/\/www.amicidellaterra-nebrodi.org\/blog\/wp-content\/uploads\/2022\/01\/avocado.jpeg 1362w\" sizes=\"auto, (max-width: 681px) 100vw, 681px\" \/><\/a><\/figure>\n\n\n\n<h2 class=\"wp-block-heading\">Sicilia Tropicale un progetto di Amici della Terra Club Nebrodi Onlus per promuovere la frutta tropicale prodotta in Sicilia. <\/h2>\n\n\n\n<p>Gli obiettivi del progetto son legati alla valorizzazione dell&#8217;agroalimentare siciliano  ed alla definizione della strategia Print Sicily 2020<\/p>\n\n\n\n<p>Ha preso il via il progetto \u201c<strong>Sicilia Tropicale<\/strong>\u201c, finanziato dal Dipartimento Regionale delle attivit\u00e0 Produttive, che prevede la promozione della frutta biologica tropicale coltivata in Sicilia. L\u2019obiettivo principale \u00e8 quello di incentivare il consumo della frutta tropicale, coltivata prevalentemente nel territorio messinese ormai da diversi anni, e responsabilizzare i consumatori alla corretta alimentazione a chilometri zero e coltivata in biologico. Kiwi, avocado, mango, frutto della passione e papaia vengono raccolti quando sono gi\u00e0 maturi e arrivano direttamente sulle nostre tavole senza affrontare lunghi viaggi durante i quali i frutti, raccolti acerbi, maturano nelle celle frigorifero. Le azioni progettuali prevedono importanti momenti di comunicazione sia attraverso i social che attraverso eventi organizzati nel territorio messinese (Nebrodi e Isole Eolie), ma anche attraverso un sito web che diventer\u00e0 una piazza virtuale per dare spazio ai produttori dell\u2019agroalimentare.<\/p>\n\n\n\n<p>In questi giorni, e per tutto il mese di gennaio, una food blogger incontrer\u00e0 produttori e consumatori nei porti della Sicilia per presentare il progetto, valorizzare le caratteristiche e la qualit\u00e0 dei prodotti biologici certificati e informare sui benefici del loro consumo e puntare l\u2019attenzione sulla sostenibilit\u00e0 ambientale anche in termini di riciclo, riuso, risparmio idrico, sulla sostenibilit\u00e0 sociale ed economica. I porti siciliani saranno raggiunti in barca a vela\u2026 un invito quindi a seguire le attivit\u00e0 e rimanere sempre aggiornati.<\/p>\n\n\n\n<p><strong>CONTESTO DI RIFERIMENTO:<\/strong><\/p>\n\n\n\n<p>Il mondo della produzione agroalimentare della zona compresa tra Catania e Messina, nell\u2019ultimo decennio, \u00e8 stato caratterizzato da un cambio di destinazione di numerose aziende agricole ed agroalimentari che, soprattutto a causa dell\u2019abbassamento dei prezzi delle colture e produzioni \u201c<strong>tradizionali<\/strong>\u201d ha iniziato a interessarsi e sperimentare nuove colture \u201ctropicali\u201d e \u201csub tropicali\u201d. In primis le aziende interessate sono state le aziende agricole ed agroalimentari che producevano agrumi e trasformati da agrumi ma adesso si sta procedendo a recuperare fondi abbandonati che corrispondono alle caratteristiche agronomiche che caratterizzano questo tipo di colture.<\/p>\n\n\n\n<p>Le principali colture, che vedono soprattutto oltre 25 aziende impegnate solamente nella costa tra Milazzo e Tusa, sono il Mango e l\u2019Avocado, per i quali le aziende pioniere studiano l\u2019adattabilit\u00e0 da oltre 10 anni.<\/p>\n\n\n\n<p>Nel particolare, secondo un recente studio condotto da un team di analisti del Mordor Intelligence, il mercato mondiale di avocado &#8211; trainato da consumi e importanti investimenti &#8211; da qui ai prossimi anni registrer\u00e0 un incremento senza precedenti. In particolare, stando a quanto riportato nello studio, il mercato globale dell\u2019avocado della variet\u00e0 Hass registrer\u00e0 un tasso di crescita annuo composto (CAGR) del 4,8% durante il periodo di previsione (2020-2025), confermandosi quale variet\u00e0 pi\u00f9 popolare al mondo. Senza dubbio, il nuovo impulso dato alla produzione di avocado \u00e8 fortemente dipeso dal cambiamento climatico che, determinando una rimodulazione della mappa delle coltivazioni, negli ultimi cinque anni ha indotto una vera e propria programmazione di settore per la produzione di questo frutto cos\u00ec ricercato. A tal riguardo, basti osservare l\u2019andamento registrato negli areali del Sud Italia, dove da diversi anni ormai si sta assistendo a un progressivo incremento delle superfici destinate alla coltivazione di avocado. Un trend che, inoltre, almeno per il Belpaese, non sembra aver risentito della pandemia da Covid-19. Secondo il report, infatti, a partire da marzo 2020, in Italia si \u00e8 registrata un\u2019impennata dei consumi di avocado senza precedenti, che ha determinato un incremento del 500% nel marzo 2021. Questo perch\u00e9, proprio durante il lockdown, molti consumatori italiani hanno avuto modo di scoprire la coltura, portandola sulle proprie tavole con sempre maggior frequenza.<\/p>\n\n\n\n<p>In questo momento il consumo \u00e8 totalmente dipendente (oltre il 95%) dalle importazioni europee ed extraeuropee che in primis tradiscono tutti i principi di sostenibilit\u00e0 del cibo decantati dalla FAO e da tutte le istituzioni che seguono gli adattamenti del mercato del food legato al Green new deal. Gli unici luoghi in cui sia gli agricoltori (che i trasformatori a ruota) riescono a produrre i frutti esotici ( in particola modo l\u2019avocado) , in regime quasi totalmente biologico, sono le coste Siciliane, Calabresi e Pugliesi dando perci\u00f2 una sorta di esclusivit\u00e0 nella produzione generale e nel consumo generale.<\/p>\n\n\n\n<p>Insieme alla produzione l\u2019aggiornamento e la valorizzazione della conformazione dei territori attrae, soprattutto post pandemia, numeroso interesse per il turismo naturalistico legato a questi nuovi paesaggi tropicali legati soprattutto al turismo enogastronomico e al famoso ormai \u201cGlamping\u201d di lusso.<\/p>\n\n\n\n<p>Questo contesto ha bisogno di essere valorizza comunicativamente attraverso soprattutto le nuove tecnologie social che attraggono la categoria pi\u00f9 altospendente in questo contesto: i millennials, A tal proposito il progetto si propone di creare una piazza virtuale \u201csiciliatropicale.it\u201d in cui le aziende operanti in Sicilia ( e soprattutto in provincia di Messina) possano avere uno spazio in cui incontrare gli interessati al loro prodotto e alla loro esperienza turistico culturale. Per fare ci\u00f2 e per valorizzare verranno sfruttati i servizi di una nuova professione, quella dell\u2019influencer, che punta ad attrarre l\u2019interesse ed il valore intrinseco del fenomeno.<\/p>\n\n\n\n<p><strong>FINALITA\u2019&nbsp;&nbsp;<\/strong><\/p>\n\n\n\n<p>La finalit\u00e0 del Progetto in termini generali segue le linee guida del bando e nello specifico: favorire lo sviluppo dei sistemi produttivi locali e delle MPMI che promuovono e valorizzano i prodotti siciliani al fine di migliorare la competitivit\u00e0\u0300 dei sistemi territoriali con particolare riferimento all\u2019agroalimentare tipico e di qualit\u00e0\u0300.<\/p>\n\n\n\n<p>La tipicit\u00e0 di cui si parla non \u00e8 una tipicit\u00e0 storica dei prodotti ma dello sviluppo, obbligato dalle condizioni socio climatiche di un comparto che permetter\u00e0 lo sviluppo delle imprese dell\u2019agroalimentare Messinese e il sopravveniente rimodernamento delle zone rurali adiacenti.<\/p>\n\n\n\n<p><strong>Il progetto consiste nella creazione di una piazza digitale che valorizzi le imprese che hanno investito e investono nel cambio di paradigma produttivo delle zone di riferimento dove tutte le imprese possano avere uno spazio libero in cui esporre la nuova vision dell\u2019azienda.<\/strong><\/p>\n\n\n\n<p>La comunicazione e la valorizzazione di questo portale (multilingue) porter\u00e0 a puntare con queste produzioni gi\u00e0 in essere ma soprattutto con quelle future (nei prossimi due anni andranno in produzione decine di aziende) a puntare I mercati consolidati sull\u2019agroalimentare italiano e che esprimono maggior domanda di frutta esotica Europea: Europa (Nord e Sud) Stati Uniti, Giappone e Cina.<\/p>\n\n\n\n<p>Corredato a questa parte di progetto l\u2019associazione Amici per la Terra organizzer\u00e0, attraverso le proprie forze lavoro, n. 2 eventi di presentazione presso <strong>Villa Piccolo di Calanovella<\/strong> e presso Lipari per esporre questa idea ed attirare sempre pi\u00f9 aziende a collaborare per far accrescere questo nuovo strumento.<\/p>\n\n\n\n<p><strong>OBIETTIVI&nbsp;<\/strong><\/p>\n\n\n\n<p>Gli obiettivi che ci si prepone con questo progetto sono totalmente legati alla valorizzazione dell\u2019agroalimentare siciliano legati alla definizione della strategia <strong>Print Sicily 2020<\/strong>:<\/p>\n\n\n\n<p>Nello specifico l\u2019obietti di valorizzazione della \u201cSicilia tropicale\u201d persegue:<\/p>\n\n\n\n<p><strong>biosicilia!<\/strong> un nuovo modello di sviluppo sostenibile La Regione Siciliana intende puntare in modo strategico sui prodotti biologici, utilizzando la leva della regione pi\u00f9\u0300 biologica d\u2019Europa (in termini di superficie) per attrarre consumatori consapevoli nonch\u00e9\u0301 rendendo esplicito il valore ambientale e di valorizzazione del territorio siciliano del bio.<\/p>\n\n\n\n<p>Le produzione della aziende e del comparto sono 100% biologiche e questa caratteristica risponde sia alla valorizzazione di una nicchia di mercato esclusiva europea (in Spagna sono soprattutto convenzionali) e ai dettami del Prossimo PSR che richiede una quota minima del 25% di produzioni biologiche.<\/p>\n\n\n\n<p>Nello specifico il portale e la campagna di comunicazione punter\u00e0 a valorizzare le caratteristiche e la qualit\u00e0\u0300 dei diversi tipi di prodotto biologico certificato e sui benefici del loro consumo (benefici per l\u2019ambiente, per la salute dei consumatori, etc., anche in termini di riciclo, riuso, risparmio idrico e in genere di tutte le risorse non rinnovabili, di funzione sociale delle aziende biologiche e di diffusione di uno stile di vita meno energivoro.<\/p>\n\n\n\n<p>Valorizzazione della rete delle aziende del <strong>Tropicale siciliano<\/strong>. Lo strumento di attuazione di una politica di miglioramento della conoscenza della filiera a livello internazionale \u00e8 certamente quello della qualificazione del prodotto e della sua presentazione pubblica. La qualificazione del prodotto si ottiene anche attraverso l\u2019applicazione di disciplinari di produzione che assumono ruoli multifunzionali, cio\u00e8\u0300 da un lato servono all\u2019ottenimento di prodotti di eccellenza qualitativa, organolettica e nutrizionale standardizzata su tutto il territorio, da un altro permettono di racchiudere il prodotto, ancorch\u00e9\u0301 proveniente da areali differenti, sotto l\u2019egida di un unico marchio di riferimento e dotato di una serie di informazioni in grado di dimostrare al consumatore storia, tradizione e specificit\u00e0\u0300 legate al prodotto stesso. Per raggiungere questo obiettivo primario \u00e8 necessario attivare meccanismi di rete tra le aziende, azioni di condivisione delle esperienze (best practices) e disponibilit\u00e0\u0300 alla condivisione delle iniziative pubbliche. Tutto ci\u00f2 viene quindi presentato al pubblico su scala internazionale con un innovativo sistema di marketing basato su etichette di prodotto che riguardano tutta la filiera e che siano in grado di fornire tutte le informazioni relative non soltanto al prodotto ma anche al territorio di provenienza.<\/p>\n\n\n\n<p>A questo serve il coordinamento e la creazione della campagna di promozione: andare insieme con un prodotto certificato e tracciato attraverso l\u2019egida idi un soggetto attuatore che \u00e8 l\u2019associazione Amici della Terra.<\/p>\n\n\n\n<p><strong>ANALISI SWOT:<\/strong><\/p>\n\n\n\n<p><strong>Punti di Forza<\/strong>: Il mercato \u00e8 in crescita e la produzione \u00e8 limitata a determinati areali. Dietro la valorizzazione di questa filiera si pu\u00f2 conquistare un esclusivit\u00e0 italiana in un prodotto totalmente nuovo poco conosciuto<\/p>\n\n\n\n<p><strong>Punti di Debolezza<\/strong>: La mancanza di un coordinamento tra i produttori potrebbe far fallire il valore della filiera. La comunicazione singola confonde il consumatore.<\/p>\n\n\n\n<p><strong>Opportunit\u00e0<\/strong>: Un mercato enorme da attaccare in modo unitario e targettizzandolo presso gli utilizzatori di smartphone e social (millenials per lo pi\u00f9)<\/p>\n\n\n\n<p><strong>Minacce:<\/strong> la mancata comunicazione unitaria pu\u00f2 far tardare lo sviluppo e permettere ad altri paese (come ha fatto la Spagna con olio di Oliva) di prendere il sopravvento e occupare le fette di mercato<\/p>\n","protected":false},"excerpt":{"rendered":"<p>Sicilia Tropicale un progetto di Amici della Terra Club Nebrodi Onlus per promuovere la frutta tropicale prodotta in Sicilia. Gli obiettivi del progetto son legati alla valorizzazione dell&#8217;agroalimentare siciliano ed alla definizione della strategia Print Sicily 2020 Ha preso il<\/p>\n","protected":false},"author":3,"featured_media":0,"parent":0,"menu_order":0,"comment_status":"closed","ping_status":"closed","template":"","meta":{"footnotes":""},"class_list":["post-1307","page","type-page","status-publish","hentry"],"_links":{"self":[{"href":"https:\/\/www.amicidellaterra-nebrodi.org\/blog\/index.php?rest_route=\/wp\/v2\/pages\/1307","targetHints":{"allow":["GET"]}}],"collection":[{"href":"https:\/\/www.amicidellaterra-nebrodi.org\/blog\/index.php?rest_route=\/wp\/v2\/pages"}],"about":[{"href":"https:\/\/www.amicidellaterra-nebrodi.org\/blog\/index.php?rest_route=\/wp\/v2\/types\/page"}],"author":[{"embeddable":true,"href":"https:\/\/www.amicidellaterra-nebrodi.org\/blog\/index.php?rest_route=\/wp\/v2\/users\/3"}],"replies":[{"embeddable":true,"href":"https:\/\/www.amicidellaterra-nebrodi.org\/blog\/index.php?rest_route=%2Fwp%2Fv2%2Fcomments&post=1307"}],"version-history":[{"count":3,"href":"https:\/\/www.amicidellaterra-nebrodi.org\/blog\/index.php?rest_route=\/wp\/v2\/pages\/1307\/revisions"}],"predecessor-version":[{"id":1316,"href":"https:\/\/www.amicidellaterra-nebrodi.org\/blog\/index.php?rest_route=\/wp\/v2\/pages\/1307\/revisions\/1316"}],"wp:attachment":[{"href":"https:\/\/www.amicidellaterra-nebrodi.org\/blog\/index.php?rest_route=%2Fwp%2Fv2%2Fmedia&parent=1307"}],"curies":[{"name":"wp","href":"https:\/\/api.w.org\/{rel}","templated":true}]}}